{"id":33,"date":"2016-06-26T18:56:51","date_gmt":"2016-06-26T18:56:51","guid":{"rendered":"http:\/\/www.iee-usa.com\/Wordpress\/?page_id=33"},"modified":"2025-08-10T23:49:19","modified_gmt":"2025-08-10T23:49:19","slug":"apply-for-evaluation","status":"publish","type":"page","link":"https:\/\/www.iee-usa.com\/Wordpress\/apply-for-evaluation\/","title":{"rendered":"Application Forms"},"content":{"rendered":"<p><span style=\"color: #000000;\">To apply for an evaluation report or a translation just complete, print and sign the appropriate application form and send it along with the required documents and fees. It is very important that you read our application <strong>IN FULL<\/strong> before you sign it and send it to us.<\/span><\/p>\n<h6><span style=\"color: #000000;\">APPLICATION FOR FOREIGN CREDENTIAL EVALUATION SERVICE<\/span><\/h6>\n<p><a href=\"https:\/\/www.iee-usa.com\/Wordpress\/wp-content\/uploads\/2025\/08\/IEE.applicationform.individual.pdf\"><span style=\"color: #3366ff;\">Individual Application (Adobe Acrobat)<\/span><\/a><br \/>\n<a href=\"https:\/\/www.iee-usa.com\/Wordpress\/wp-content\/uploads\/2025\/08\/IEE.applicationform.attorney.pdf\"><span style=\"color: #3366ff;\">Attorney\/Corporate Application (Adobe Acrobat)<\/span><\/a><span style=\"color: #3366ff;\"><span style=\"color: #000000;\"><br \/>\n<\/span><\/span><span style=\"color: #3366ff;\"><span style=\"color: #000000;\"><span style=\"color: #3366ff;\">Aplicaci\u00f3n Individual en Espa\u00f1ol (Adobe Acrobat)<\/span><\/span><\/span><\/p>\n<h6><span style=\"color: #000000;\">APPLICATION FOR TRANSLATION SERVICES<\/span><\/h6>\n<p><a href=\"https:\/\/www.iee-usa.com\/Wordpress\/wp-content\/uploads\/2025\/08\/IEE.applicationform.translation.pdf\"><span style=\"color: #3366ff;\">Translation Application (Adobe Acrobat)<\/span><\/a><span style=\"color: #000000;\"><br \/>\n<\/span><a href=\"https:\/\/www.iee-usa.com\/Wordpress\/wp-content\/uploads\/2025\/08\/applicationform_translation_espanol.pdf\"><span style=\"color: #3366ff;\">Aplicaci\u00f3n para Traducci\u00f3n en Espa\u00f1ol (Adobe Acrobat)<\/span><\/a><span style=\"color: #3366ff;\"><span style=\"color: #3366ff;\"><br \/>\n<\/span><\/span><\/p>\n<h6><span style=\"color: #000000;\">APPLICATION FOR RESUME SERVICES<\/span><\/h6>\n<p><span style=\"color: #3366ff;\">Resume Application (Adobe Acrobat)<\/span><\/p>\n<h6><span style=\"color: #000000;\">APPLICATION FOR\u00a0EXTRA OFFICIAL EVALUATION REPORT<\/span><\/h6>\n<h6><span style=\"color: #000000;\">APPLICATION FOR\u00a0EXTRA OFFICIAL TRANSLATION<\/span><\/h6>\n","protected":false},"excerpt":{"rendered":"<p>To apply for an evaluation report or a translation just complete, print and sign the appropriate application form and send it along with the required documents and fees. It is very important that you read our application IN FULL before<\/p>\n","protected":false},"author":1,"featured_media":0,"parent":0,"menu_order":0,"comment_status":"closed","ping_status":"closed","template":"","meta":{"footnotes":""},"class_list":["post-33","page","type-page","status-publish","hentry"],"_links":{"self":[{"href":"https:\/\/www.iee-usa.com\/Wordpress\/wp-json\/wp\/v2\/pages\/33","targetHints":{"allow":["GET"]}}],"collection":[{"href":"https:\/\/www.iee-usa.com\/Wordpress\/wp-json\/wp\/v2\/pages"}],"about":[{"href":"https:\/\/www.iee-usa.com\/Wordpress\/wp-json\/wp\/v2\/types\/page"}],"author":[{"embeddable":true,"href":"https:\/\/www.iee-usa.com\/Wordpress\/wp-json\/wp\/v2\/users\/1"}],"replies":[{"embeddable":true,"href":"https:\/\/www.iee-usa.com\/Wordpress\/wp-json\/wp\/v2\/comments?post=33"}],"version-history":[{"count":117,"href":"https:\/\/www.iee-usa.com\/Wordpress\/wp-json\/wp\/v2\/pages\/33\/revisions"}],"predecessor-version":[{"id":2045,"href":"https:\/\/www.iee-usa.com\/Wordpress\/wp-json\/wp\/v2\/pages\/33\/revisions\/2045"}],"wp:attachment":[{"href":"https:\/\/www.iee-usa.com\/Wordpress\/wp-json\/wp\/v2\/media?parent=33"}],"curies":[{"name":"wp","href":"https:\/\/api.w.org\/{rel}","templated":true}]}}